{"id":2781,"date":"2015-10-12T12:38:44","date_gmt":"2015-10-12T09:38:44","guid":{"rendered":"http:\/\/www.sertekinsaat.com.tr\/en\/completed-projects\/manavgat-subesi-guclendirme-takviye-tadilat-ve-dekorasyon-insaati-isi\/"},"modified":"2016-11-16T12:52:11","modified_gmt":"2016-11-16T10:52:11","slug":"manavgat-branch-fortification-reinforcement-alteration-and-decoration-construction-work","status":"publish","type":"page","link":"https:\/\/www.sertekinsaat.com.tr\/en\/completed-projects\/manavgat-branch-fortification-reinforcement-alteration-and-decoration-construction-work\/","title":{"rendered":"Manavgat Branch Fortification, Reinforcement Alteration And Decoration Construction Work"},"content":{"rendered":"<div class=\"wpb-content-wrapper\"><p>[vc_row][vc_column][vc_column_text]<\/p>\n<table border=\"0\">\n<tbody>\n<tr>\n<td style=\"text-align: left;\" valign=\"top\">Project Name<\/td>\n<td style=\"text-align: left;\" valign=\"top\">:<\/td>\n<td style=\"text-align: left;\" valign=\"top\">Manavgat Branch Fortification, Reinforcement Alteration and Decoration Construction Work<\/td>\n<\/tr>\n<tr>\n<td style=\"text-align: left;\" valign=\"top\">Location of the Project<\/td>\n<td style=\"text-align: left;\" valign=\"top\">:<\/td>\n<td style=\"text-align: left;\" valign=\"top\">Antalya<\/td>\n<\/tr>\n<tr>\n<td style=\"text-align: left;\" valign=\"top\">Employer<\/td>\n<td style=\"text-align: left;\" valign=\"top\">:<\/td>\n<td style=\"text-align: left;\" valign=\"top\">T\u00fcrkiye Vak\u0131flar Bankas\u0131 T.A.O<\/td>\n<\/tr>\n<tr>\n<td style=\"text-align: left;\" valign=\"top\">Contract Date<\/td>\n<td style=\"text-align: left;\" valign=\"top\">:<\/td>\n<td style=\"text-align: left;\" valign=\"top\">25.12.1998<\/td>\n<\/tr>\n<tr>\n<td style=\"text-align: left;\" valign=\"top\">Estimated Cost<\/td>\n<td style=\"text-align: left;\" valign=\"top\">:<\/td>\n<td style=\"text-align: left;\" valign=\"top\">70.500.000.000<\/td>\n<\/tr>\n<tr>\n<td style=\"text-align: left;\" valign=\"top\">Construction Technique<\/td>\n<td style=\"text-align: left;\" valign=\"top\">:<\/td>\n<td style=\"text-align: left;\" valign=\"top\">: De-erecting Five Storey Building and starting from fortification reinforcement mortar, and re-alteration decoration, boiler room, curtain wall (aluminum, thermophane) natural granite coating, furniture applications<\/td>\n<\/tr>\n<tr>\n<td style=\"text-align: left;\" valign=\"top\">Duration of Work<\/td>\n<td style=\"text-align: left;\" valign=\"top\">:<\/td>\n<td style=\"text-align: left;\" valign=\"top\">&#8211;<\/td>\n<\/tr>\n<tr>\n<td style=\"text-align: left;\" valign=\"top\">Work Ending Date<\/td>\n<td style=\"text-align: left;\" valign=\"top\">:<\/td>\n<td style=\"text-align: left;\" valign=\"top\">03.07.1999<\/td>\n<\/tr>\n<\/tbody>\n<\/table>\n<p>[\/vc_column_text][\/vc_column][\/vc_row]<\/p>\n<\/div>","protected":false},"excerpt":{"rendered":"<p>[vc_row][vc_column][vc_column_text] Project Name : Manavgat Branch Fortification, Reinforcement Alteration and Decoration Construction Work Location of the Project : Antalya Employer : T&uuml;rkiye Vak&#305;flar Bankas&#305; T.A.O Contract Date : 25.12.1998 Estimated [&hellip;]<\/p>\n","protected":false},"author":1,"featured_media":0,"parent":2690,"menu_order":0,"comment_status":"open","ping_status":"closed","template":"","meta":{"rs_blank_template":"","rs_page_bg_color":"","slide_template_v7":"","footnotes":""},"class_list":["post-2781","page","type-page","status-publish","hentry"],"_links":{"self":[{"href":"https:\/\/www.sertekinsaat.com.tr\/en\/wp-json\/wp\/v2\/pages\/2781","targetHints":{"allow":["GET"]}}],"collection":[{"href":"https:\/\/www.sertekinsaat.com.tr\/en\/wp-json\/wp\/v2\/pages"}],"about":[{"href":"https:\/\/www.sertekinsaat.com.tr\/en\/wp-json\/wp\/v2\/types\/page"}],"author":[{"embeddable":true,"href":"https:\/\/www.sertekinsaat.com.tr\/en\/wp-json\/wp\/v2\/users\/1"}],"replies":[{"embeddable":true,"href":"https:\/\/www.sertekinsaat.com.tr\/en\/wp-json\/wp\/v2\/comments?post=2781"}],"version-history":[{"count":3,"href":"https:\/\/www.sertekinsaat.com.tr\/en\/wp-json\/wp\/v2\/pages\/2781\/revisions"}],"predecessor-version":[{"id":2784,"href":"https:\/\/www.sertekinsaat.com.tr\/en\/wp-json\/wp\/v2\/pages\/2781\/revisions\/2784"}],"up":[{"embeddable":true,"href":"https:\/\/www.sertekinsaat.com.tr\/en\/wp-json\/wp\/v2\/pages\/2690"}],"wp:attachment":[{"href":"https:\/\/www.sertekinsaat.com.tr\/en\/wp-json\/wp\/v2\/media?parent=2781"}],"curies":[{"name":"wp","href":"https:\/\/api.w.org\/{rel}","templated":true}]}}