{"id":2759,"date":"2015-10-12T11:47:05","date_gmt":"2015-10-12T08:47:05","guid":{"rendered":"http:\/\/www.sertekinsaat.com.tr\/en\/completed-projects\/antalya-belek-ileri-mevkii-ilave-kanalizasyon-insaati-isi\/"},"modified":"2016-11-16T11:21:54","modified_gmt":"2016-11-16T09:21:54","slug":"antalya-belek-ileri-region-additional-sewage-system-construction-work","status":"publish","type":"page","link":"https:\/\/www.sertekinsaat.com.tr\/en\/completed-projects\/antalya-belek-ileri-region-additional-sewage-system-construction-work\/","title":{"rendered":"Antalya Belek \u0130leri Region Additional Sewage System Construction Work"},"content":{"rendered":"<div class=\"wpb-content-wrapper\"><p>[vc_row][vc_column][vc_column_text]<\/p>\n<table border=\"0\">\n<tbody>\n<tr>\n<td style=\"text-align: left;\" valign=\"top\">Project Name<\/td>\n<td style=\"text-align: left;\" valign=\"top\">:<\/td>\n<td style=\"text-align: left;\" valign=\"top\">Antalya Belek \u0130leri Region Additional Sewage System Construction Work.<\/td>\n<\/tr>\n<tr>\n<td style=\"text-align: left;\" valign=\"top\">Location of the Project<\/td>\n<td style=\"text-align: left;\" valign=\"top\">:<\/td>\n<td style=\"text-align: left;\" valign=\"top\">Antalya<\/td>\n<\/tr>\n<tr>\n<td style=\"text-align: left;\" valign=\"top\">Employer<\/td>\n<td style=\"text-align: left;\" valign=\"top\">:<\/td>\n<td style=\"text-align: left;\" valign=\"top\">TURA\u015e TUR\u0130ZM T\u0130CARET A.\u015e<\/td>\n<\/tr>\n<tr>\n<td style=\"text-align: left;\" valign=\"top\">Contract Date<\/td>\n<td style=\"text-align: left;\" valign=\"top\">:<\/td>\n<td style=\"text-align: left;\" valign=\"top\">20.09.1999<\/td>\n<\/tr>\n<tr>\n<td style=\"text-align: left;\" valign=\"top\">Estimated Cost<\/td>\n<td style=\"text-align: left;\" valign=\"top\">:<\/td>\n<td style=\"text-align: left;\" valign=\"top\">36.000.000.000<\/td>\n<\/tr>\n<tr>\n<td style=\"text-align: left;\" valign=\"top\">Construction Technique<\/td>\n<td style=\"text-align: left;\" valign=\"top\">:<\/td>\n<td style=\"text-align: left;\" valign=\"top\">&#8211;<\/td>\n<\/tr>\n<tr>\n<td style=\"text-align: left;\" valign=\"top\">Duration of Work<\/td>\n<td style=\"text-align: left;\" valign=\"top\">:<\/td>\n<td style=\"text-align: left;\" valign=\"top\">&#8211;<\/td>\n<\/tr>\n<tr>\n<td style=\"text-align: left;\" valign=\"top\">Work Ending Date<\/td>\n<td style=\"text-align: left;\" valign=\"top\">:<\/td>\n<td style=\"text-align: left;\" valign=\"top\">22.11.1999<\/td>\n<\/tr>\n<\/tbody>\n<\/table>\n<p>[\/vc_column_text][\/vc_column][\/vc_row]<\/p>\n<\/div>","protected":false},"excerpt":{"rendered":"<p>[vc_row][vc_column][vc_column_text] Project Name : Antalya Belek &#304;leri Region Additional Sewage System Construction Work. Location of the Project : Antalya Employer : TURA&#350; TUR&#304;ZM T&#304;CARET A.&#350; Contract Date : 20.09.1999 Estimated [&hellip;]<\/p>\n","protected":false},"author":1,"featured_media":0,"parent":2690,"menu_order":0,"comment_status":"open","ping_status":"closed","template":"","meta":{"rs_blank_template":"","rs_page_bg_color":"","slide_template_v7":"","footnotes":""},"class_list":["post-2759","page","type-page","status-publish","hentry"],"_links":{"self":[{"href":"https:\/\/www.sertekinsaat.com.tr\/en\/wp-json\/wp\/v2\/pages\/2759","targetHints":{"allow":["GET"]}}],"collection":[{"href":"https:\/\/www.sertekinsaat.com.tr\/en\/wp-json\/wp\/v2\/pages"}],"about":[{"href":"https:\/\/www.sertekinsaat.com.tr\/en\/wp-json\/wp\/v2\/types\/page"}],"author":[{"embeddable":true,"href":"https:\/\/www.sertekinsaat.com.tr\/en\/wp-json\/wp\/v2\/users\/1"}],"replies":[{"embeddable":true,"href":"https:\/\/www.sertekinsaat.com.tr\/en\/wp-json\/wp\/v2\/comments?post=2759"}],"version-history":[{"count":2,"href":"https:\/\/www.sertekinsaat.com.tr\/en\/wp-json\/wp\/v2\/pages\/2759\/revisions"}],"predecessor-version":[{"id":2761,"href":"https:\/\/www.sertekinsaat.com.tr\/en\/wp-json\/wp\/v2\/pages\/2759\/revisions\/2761"}],"up":[{"embeddable":true,"href":"https:\/\/www.sertekinsaat.com.tr\/en\/wp-json\/wp\/v2\/pages\/2690"}],"wp:attachment":[{"href":"https:\/\/www.sertekinsaat.com.tr\/en\/wp-json\/wp\/v2\/media?parent=2759"}],"curies":[{"name":"wp","href":"https:\/\/api.w.org\/{rel}","templated":true}]}}