{"id":2748,"date":"2015-10-12T11:39:52","date_gmt":"2015-10-12T08:39:52","guid":{"rendered":"http:\/\/www.sertekinsaat.com.tr\/en\/completed-projects\/901-ana-depo-gov-hang-karbon-monoksit-yng-sond-ve-yonlendirme-tes-ins\/"},"modified":"2016-11-25T15:49:05","modified_gmt":"2016-11-25T13:49:05","slug":"901-main-depot-body-hangar-carbon-monoxide-fire-extinguisher-and-directing-installation-work-employer","status":"publish","type":"page","link":"https:\/\/www.sertekinsaat.com.tr\/en\/completed-projects\/901-main-depot-body-hangar-carbon-monoxide-fire-extinguisher-and-directing-installation-work-employer\/","title":{"rendered":"901 Main Depot Body Hangar Carbon Monoxide Fire Extinguisher and Directing Installation Work Employer"},"content":{"rendered":"<div class=\"wpb-content-wrapper\"><p>[vc_row][vc_column][vc_column_text]<\/p>\n<table border=\"0\">\n<tbody>\n<tr>\n<td style=\"text-align: left;\" valign=\"top\">Project Name<\/td>\n<td style=\"text-align: left;\" valign=\"top\" width=\"3\">:<\/td>\n<td style=\"text-align: left;\" valign=\"top\">901 Ana Depo G\u00f6v. Hang. Karbon Monoksit Yng. S\u00f6nd. ve Y\u00f6nlendirme Tes. \u0130n\u015f.<\/td>\n<\/tr>\n<tr>\n<td style=\"text-align: left;\" valign=\"top\">Location of the Project<\/td>\n<td style=\"text-align: left;\" valign=\"top\">:<\/td>\n<td style=\"text-align: left;\" valign=\"top\">Ankara<\/td>\n<\/tr>\n<tr>\n<td style=\"text-align: left;\" valign=\"top\">Employer<\/td>\n<td style=\"text-align: left;\" valign=\"top\" width=\"3\">:<\/td>\n<td style=\"text-align: left;\" valign=\"top\">MSB. Ankara \u0130n\u015f.Eml. B\u015fk.<\/td>\n<\/tr>\n<tr>\n<td style=\"text-align: left;\" valign=\"top\">Contract Date<\/td>\n<td style=\"text-align: left;\" valign=\"top\">:<\/td>\n<td style=\"text-align: left;\" valign=\"top\">20.11.2001<\/td>\n<\/tr>\n<tr>\n<td style=\"text-align: left;\" valign=\"top\">Estimated Cost<\/td>\n<td style=\"text-align: left;\" valign=\"top\">:<\/td>\n<td style=\"text-align: left;\" valign=\"top\">187.598.335.000<\/td>\n<\/tr>\n<tr>\n<td style=\"text-align: left;\" valign=\"top\">Construction Cost<\/td>\n<td style=\"text-align: left;\" valign=\"top\">:<\/td>\n<td style=\"text-align: left;\" valign=\"top\">Yang\u0131n S\u00f6nd\u00fcrme Sist. \u0130ml. Yap\u0131lm\u0131\u015ft\u0131r<\/td>\n<\/tr>\n<tr>\n<td style=\"text-align: left;\" valign=\"top\">Duration of Work<\/td>\n<td style=\"text-align: left;\" valign=\"top\">:<\/td>\n<td style=\"text-align: left;\" valign=\"top\">&#8211;<\/td>\n<\/tr>\n<tr>\n<td style=\"text-align: left;\" valign=\"top\">Work Ending Date<\/td>\n<td style=\"text-align: left;\" valign=\"top\">:<\/td>\n<td style=\"text-align: left;\" valign=\"top\">25.12.2001<\/td>\n<\/tr>\n<\/tbody>\n<\/table>\n<p>[\/vc_column_text][\/vc_column][\/vc_row]<\/p>\n<\/div>","protected":false},"excerpt":{"rendered":"<p>[vc_row][vc_column][vc_column_text] Project Name : 901 Ana Depo G&ouml;v. Hang. Karbon Monoksit Yng. S&ouml;nd. ve Y&ouml;nlendirme Tes. &#304;n&#351;. Location of the Project : Ankara Employer : MSB. Ankara &#304;n&#351;.Eml. B&#351;k. Contract [&hellip;]<\/p>\n","protected":false},"author":1,"featured_media":0,"parent":2690,"menu_order":0,"comment_status":"open","ping_status":"closed","template":"","meta":{"rs_blank_template":"","rs_page_bg_color":"","slide_template_v7":"","footnotes":""},"class_list":["post-2748","page","type-page","status-publish","hentry"],"_links":{"self":[{"href":"https:\/\/www.sertekinsaat.com.tr\/en\/wp-json\/wp\/v2\/pages\/2748","targetHints":{"allow":["GET"]}}],"collection":[{"href":"https:\/\/www.sertekinsaat.com.tr\/en\/wp-json\/wp\/v2\/pages"}],"about":[{"href":"https:\/\/www.sertekinsaat.com.tr\/en\/wp-json\/wp\/v2\/types\/page"}],"author":[{"embeddable":true,"href":"https:\/\/www.sertekinsaat.com.tr\/en\/wp-json\/wp\/v2\/users\/1"}],"replies":[{"embeddable":true,"href":"https:\/\/www.sertekinsaat.com.tr\/en\/wp-json\/wp\/v2\/comments?post=2748"}],"version-history":[{"count":3,"href":"https:\/\/www.sertekinsaat.com.tr\/en\/wp-json\/wp\/v2\/pages\/2748\/revisions"}],"predecessor-version":[{"id":2862,"href":"https:\/\/www.sertekinsaat.com.tr\/en\/wp-json\/wp\/v2\/pages\/2748\/revisions\/2862"}],"up":[{"embeddable":true,"href":"https:\/\/www.sertekinsaat.com.tr\/en\/wp-json\/wp\/v2\/pages\/2690"}],"wp:attachment":[{"href":"https:\/\/www.sertekinsaat.com.tr\/en\/wp-json\/wp\/v2\/media?parent=2748"}],"curies":[{"name":"wp","href":"https:\/\/api.w.org\/{rel}","templated":true}]}}